{"id":3294,"date":"2021-09-05T15:51:38","date_gmt":"2021-09-05T13:51:38","guid":{"rendered":"https:\/\/www.martinabecker-mentoring.de\/pie-de-imprenta\/"},"modified":"2024-10-13T16:26:30","modified_gmt":"2024-10-13T14:26:30","slug":"pie-de-imprenta","status":"publish","type":"page","link":"https:\/\/www.martinabecker-mentoring.de\/es\/pie-de-imprenta\/","title":{"rendered":"Pie de imprenta"},"content":{"rendered":"\t\t<div data-elementor-type=\"wp-page\" data-elementor-id=\"3294\" class=\"elementor elementor-3294 elementor-2921\" data-elementor-post-type=\"page\">\n\t\t\t\t\t\t<section class=\"elementor-section elementor-top-section elementor-element elementor-element-9b78632 elementor-section-boxed elementor-section-height-default elementor-section-height-default\" data-id=\"9b78632\" data-element_type=\"section\" data-e-type=\"section\">\n\t\t\t\t\t\t<div class=\"elementor-container elementor-column-gap-default\">\n\t\t\t\t\t<div class=\"elementor-column elementor-col-100 elementor-top-column elementor-element elementor-element-bde5f63\" data-id=\"bde5f63\" data-element_type=\"column\" data-e-type=\"column\">\n\t\t\t<div class=\"elementor-widget-wrap elementor-element-populated\">\n\t\t\t\t\t\t<div class=\"elementor-element elementor-element-8739fca elementor-widget elementor-widget-text-editor\" data-id=\"8739fca\" data-element_type=\"widget\" data-e-type=\"widget\" data-widget_type=\"text-editor.default\">\n\t\t\t\t<div class=\"elementor-widget-container\">\n\t\t\t\t\t\t\t\t\t<h1>Pie de imprenta<\/h1>\n<p>Martina Becker-Zahn <br \/>Jungfernstieg 7 <br \/>c\/o Europakontor Alsterarkaden <br \/>20354 Hamburgo<\/p>\n<p>Tel\u00e9fono: +49 40 99999-3139 <br \/>Correo electr\u00f3nico:<a href=\"mailto:mail@martinabecker-mentoring.de\"><span style=\"color: #000000;\">mail@martinabecker-mentoring.de<\/span><\/a><\/p>\n<\/p>\n<p><strong>esponsable del contenido<\/strong> (seg\u00fan \u00a7 55 Abs. 2 RStV): <br \/>Martina Becker-Zahn<br \/> c\/o Europakontor Alsterarkaden Jungfernstieg 7 <br \/>20354 Hamburgo<\/p>\n<h2> <\/h2>\n<h2>Descargo de responsabilidad &#8211; informaci\u00f3n legal<\/h2>\n<p>\u00a7 1 Advertencia sobre el contenido<br \/> El contenido gratuito y de libre acceso de este sitio web ha sido creado con el mayor cuidado posible.<br \/>\nSin embargo, el proveedor de este sitio web no asume ninguna responsabilidad por la exactitud y actualidad de las gu\u00edas y noticias period\u00edsticas gratuitas y de libre acceso proporcionadas.<br \/>\nLas contribuciones etiquetadas con el nombre reflejan la opini\u00f3n del autor respectivo y no siempre la opini\u00f3n del proveedor.<br \/>\nNo se establece ninguna relaci\u00f3n contractual entre el usuario y el proveedor por el mero hecho de acceder a los contenidos gratuitos y de libre acceso; en este sentido, falta la intenci\u00f3n del proveedor de obligarse jur\u00eddicamente.   <\/p>\n<p>\u00a7 2 Enlaces externos <br \/>Este sitio web contiene enlaces a sitios web de terceros (\u00abenlaces externos\u00bb).<br \/>\nEstos sitios web est\u00e1n sujetos a la responsabilidad de sus respectivos operadores.<br \/>\nCuando se crearon por primera vez los enlaces externos, el proveedor comprob\u00f3 el contenido de terceros para detectar cualquier infracci\u00f3n legal.<br \/>\nEn ese momento no se detectaron infracciones legales.<br \/>\nEl proveedor no tiene influencia alguna sobre el dise\u00f1o y el contenido actual y futuro de las p\u00e1ginas enlazadas.<br \/>\nLa inclusi\u00f3n de enlaces externos no significa que el proveedor adopte como propio el contenido que hay detr\u00e1s de la referencia o enlace.<br \/>\nNo se puede esperar razonablemente que el proveedor controle constantemente los enlaces externos sin pruebas concretas de infracciones legales.<br \/>\nNo obstante, dichos enlaces externos se eliminar\u00e1n inmediatamente si tenemos conocimiento de alguna infracci\u00f3n legal.       <\/p>\n<p>\u00a7 3 Derechos de autor y derechos conexos <br \/>Los contenidos publicados en este sitio web est\u00e1n sujetos a la legislaci\u00f3n alemana sobre derechos de autor y derechos conexos.<br \/>\nCualquier uso no autorizado por la legislaci\u00f3n alemana sobre derechos de autor y derechos conexos requiere el consentimiento previo por escrito del proveedor o del respectivo titular de los derechos.<br \/>\nEsto se aplica en particular a la duplicaci\u00f3n, edici\u00f3n, traducci\u00f3n, almacenamiento, procesamiento o reproducci\u00f3n de contenidos en bases de datos u otros medios y sistemas electr\u00f3nicos.<br \/>\nLos contenidos y derechos de terceros est\u00e1n etiquetados como tales.<br \/>\nLa reproducci\u00f3n o distribuci\u00f3n no autorizada de contenidos individuales o p\u00e1ginas completas no est\u00e1 permitida y est\u00e1 penada por la ley.<br \/>\nS\u00f3lo se permite la producci\u00f3n de copias y descargas para uso personal, privado y no comercial.     <\/p>\n<p>La presentaci\u00f3n de este sitio web en marcos externos s\u00f3lo est\u00e1 permitida con autorizaci\u00f3n por escrito.<\/p>\n<p>\u00a7 4 Condiciones especiales de uso<br \/> En la medida en que las condiciones especiales para usos individuales de este sitio web se desv\u00eden de los p\u00e1rrafos anteriores, esto se indicar\u00e1 expresamente en el punto apropiado.<br \/>\nEn este caso, las condiciones especiales de uso se aplicar\u00e1n en cada caso individual. <\/p>\n\t\t\t\t\t\t\t\t<\/div>\n\t\t\t\t<\/div>\n\t\t\t\t\t<\/div>\n\t\t<\/div>\n\t\t\t\t\t<\/div>\n\t\t<\/section>\n\t\t\t\t<\/div>\n\t\t","protected":false},"excerpt":{"rendered":"<p>Pie de imprenta Martina Becker-Zahn Jungfernstieg 7 c\/o Europakontor Alsterarkaden 20354 Hamburgo Tel\u00e9fono: +49 40 99999-3139 Correo electr\u00f3nico:mail@martinabecker-mentoring.de esponsable del contenido (seg\u00fan \u00a7 55 Abs. 2 RStV): Martina Becker-Zahn c\/o Europakontor Alsterarkaden Jungfernstieg 7 20354 Hamburgo Descargo de responsabilidad &#8211; informaci\u00f3n legal \u00a7 1 Advertencia sobre el contenido El contenido gratuito y de libre acceso [&hellip;]<\/p>\n","protected":false},"author":3,"featured_media":0,"parent":0,"menu_order":0,"comment_status":"closed","ping_status":"closed","template":"","meta":{"_acf_changed":false,"footnotes":""},"class_list":["post-3294","page","type-page","status-publish","hentry"],"acf":[],"_links":{"self":[{"href":"https:\/\/www.martinabecker-mentoring.de\/es\/wp-json\/wp\/v2\/pages\/3294","targetHints":{"allow":["GET"]}}],"collection":[{"href":"https:\/\/www.martinabecker-mentoring.de\/es\/wp-json\/wp\/v2\/pages"}],"about":[{"href":"https:\/\/www.martinabecker-mentoring.de\/es\/wp-json\/wp\/v2\/types\/page"}],"author":[{"embeddable":true,"href":"https:\/\/www.martinabecker-mentoring.de\/es\/wp-json\/wp\/v2\/users\/3"}],"replies":[{"embeddable":true,"href":"https:\/\/www.martinabecker-mentoring.de\/es\/wp-json\/wp\/v2\/comments?post=3294"}],"version-history":[{"count":2,"href":"https:\/\/www.martinabecker-mentoring.de\/es\/wp-json\/wp\/v2\/pages\/3294\/revisions"}],"predecessor-version":[{"id":3325,"href":"https:\/\/www.martinabecker-mentoring.de\/es\/wp-json\/wp\/v2\/pages\/3294\/revisions\/3325"}],"wp:attachment":[{"href":"https:\/\/www.martinabecker-mentoring.de\/es\/wp-json\/wp\/v2\/media?parent=3294"}],"curies":[{"name":"wp","href":"https:\/\/api.w.org\/{rel}","templated":true}]}}